{"id":37,"date":"2024-12-02T21:49:45","date_gmt":"2024-12-02T20:49:45","guid":{"rendered":"https:\/\/chapelledenaste.fr\/?page_id=37"},"modified":"2024-12-03T17:07:40","modified_gmt":"2024-12-03T16:07:40","slug":"adherer","status":"publish","type":"page","link":"https:\/\/chapelledenaste.fr\/index.php\/adherer\/","title":{"rendered":"Rejoignez-nous !"},"content":{"rendered":"\n<div class=\"wp-block-group alignwide has-base-2-background-color has-background has-global-padding is-layout-constrained wp-container-core-group-is-layout-39412042 wp-block-group-is-layout-constrained\" style=\"border-radius:16px;padding-top:var(--wp--preset--spacing--40);padding-right:var(--wp--preset--spacing--50);padding-bottom:var(--wp--preset--spacing--40);padding-left:var(--wp--preset--spacing--50)\">\n<h3 class=\"wp-block-heading\">Plus on est de fou, plus on rit !<\/h3>\n\n\n\n<p>T\u00e9l\u00e9chargez le bulletin d&rsquo;adh\u00e9sion et faites le nous parvenir, accompagn\u00e9 d&rsquo;un ch\u00e8que de 15\u20ac par personne, \u00e0 l&rsquo;adresse suivante :<\/p>\n\n\n\n<p><br>Les Amis de la Chapelle de Naste<br>2 chemin des malins<br>30200 Saint Gervais<\/p>\n\n\n\n<p><\/p>\n\n\n\n<div class=\"wp-block-buttons is-content-justification-center is-layout-flex wp-container-core-buttons-is-layout-a89b3969 wp-block-buttons-is-layout-flex\">\n<div class=\"wp-block-button has-custom-width wp-block-button__width-100\"><a class=\"wp-block-button__link has-text-align-center wp-element-button\" href=\"https:\/\/chapelledenaste.fr\/wp-content\/uploads\/2024\/12\/bulletin-adhesion-CdN.docx\">T\u00e9l\u00e9charger<\/a><\/div>\n<\/div>\n<\/div>\n","protected":false},"excerpt":{"rendered":"<p>Plus on est de fou, plus on rit ! T\u00e9l\u00e9chargez le bulletin d&rsquo;adh\u00e9sion et faites le nous parvenir, accompagn\u00e9 d&rsquo;un ch\u00e8que de 15\u20ac par personne, \u00e0 l&rsquo;adresse suivante : Les [&hellip;]<\/p>\n","protected":false},"author":1,"featured_media":0,"parent":0,"menu_order":0,"comment_status":"closed","ping_status":"closed","template":"","meta":{"_EventAllDay":false,"_EventTimezone":"","_EventStartDate":"","_EventEndDate":"","_EventStartDateUTC":"","_EventEndDateUTC":"","_EventShowMap":false,"_EventShowMapLink":false,"_EventURL":"","_EventCost":"","_EventCostDescription":"","_EventCurrencySymbol":"","_EventCurrencyCode":"","_EventCurrencyPosition":"","_EventDateTimeSeparator":"","_EventTimeRangeSeparator":"","_EventOrganizerID":[],"_EventVenueID":[],"_OrganizerEmail":"","_OrganizerPhone":"","_OrganizerWebsite":"","_VenueAddress":"","_VenueCity":"","_VenueCountry":"","_VenueProvince":"","_VenueState":"","_VenueZip":"","_VenuePhone":"","_VenueURL":"","_VenueStateProvince":"","_VenueLat":"","_VenueLng":"","_VenueShowMap":false,"_VenueShowMapLink":false,"footnotes":""},"class_list":["post-37","page","type-page","status-publish","hentry"],"_links":{"self":[{"href":"https:\/\/chapelledenaste.fr\/index.php\/wp-json\/wp\/v2\/pages\/37","targetHints":{"allow":["GET"]}}],"collection":[{"href":"https:\/\/chapelledenaste.fr\/index.php\/wp-json\/wp\/v2\/pages"}],"about":[{"href":"https:\/\/chapelledenaste.fr\/index.php\/wp-json\/wp\/v2\/types\/page"}],"author":[{"embeddable":true,"href":"https:\/\/chapelledenaste.fr\/index.php\/wp-json\/wp\/v2\/users\/1"}],"replies":[{"embeddable":true,"href":"https:\/\/chapelledenaste.fr\/index.php\/wp-json\/wp\/v2\/comments?post=37"}],"version-history":[{"count":4,"href":"https:\/\/chapelledenaste.fr\/index.php\/wp-json\/wp\/v2\/pages\/37\/revisions"}],"predecessor-version":[{"id":98,"href":"https:\/\/chapelledenaste.fr\/index.php\/wp-json\/wp\/v2\/pages\/37\/revisions\/98"}],"wp:attachment":[{"href":"https:\/\/chapelledenaste.fr\/index.php\/wp-json\/wp\/v2\/media?parent=37"}],"curies":[{"name":"wp","href":"https:\/\/api.w.org\/{rel}","templated":true}]}}